{"id":44,"date":"2023-12-31T12:52:53","date_gmt":"2023-12-31T11:52:53","guid":{"rendered":"https:\/\/srbizarro.es\/?page_id=44"},"modified":"2025-06-11T23:54:37","modified_gmt":"2025-06-11T21:54:37","slug":"acerca-de","status":"publish","type":"page","link":"https:\/\/www.srbizarro.es\/?page_id=44","title":{"rendered":"ACERCA DE&#8230;"},"content":{"rendered":"<div class=\"wp-block-image is-style-default\">\n<figure class=\"aligncenter size-full is-resized\"><img loading=\"lazy\" decoding=\"async\" width=\"350\" height=\"248\" src=\"https:\/\/www.srbizarro.es\/wp-content\/uploads\/2024\/02\/logo_SR.BIZARRO_correo.jpg\" alt=\"\" class=\"wp-image-188\" style=\"width:318px;height:auto\" srcset=\"https:\/\/www.srbizarro.es\/wp-content\/uploads\/2024\/02\/logo_SR.BIZARRO_correo.jpg 350w, https:\/\/www.srbizarro.es\/wp-content\/uploads\/2024\/02\/logo_SR.BIZARRO_correo-300x213.jpg 300w\" sizes=\"(max-width: 350px) 100vw, 350px\" \/><\/figure><\/div>\n\n\n<p><strong>Sr. Bizarro<\/strong> nace a principios de 2024 con una declaraci\u00f3n de intenciones clara: crear buena m\u00fasica, disfrutar de los escenarios y conectar intensamente con el p\u00fablico. El grupo surge con la firme voluntad de renovar el panorama indie-pop-rock nacional, apostando por un sonido electrizante, directo y emocional. Su propuesta desaf\u00eda las etiquetas: sin ataduras ni estereotipos musicales, Sr. Bizarro defiende una libertad creativa inspirada por la autenticidad y la actitud. Su nombre rinde homenaje al \u00abloco bizarro\u00bb descrito en El Quijote, un reflejo de su filosof\u00eda art\u00edstica valiente y sin filtros.<\/p>\n\n\n\n<p>Sr. Bizarro es el resultado de la evoluci\u00f3n natural de tres m\u00fasicos con una amplia trayectoria sobre los escenarios. Tras el cierre de su anterior banda \u00abAnother You\u00bb, deciden iniciar un nuevo viaje musical cargado de energ\u00eda, honestidad y madurez sonora. Desde sus primeras canciones, la banda ha demostrado una capacidad innata para transmitir emociones con letras en castellano, melod\u00edas potentes y una est\u00e9tica visual muy cuidada. <\/p>\n\n\n\n<p>Todo esto de la mano de Ra\u00fal De Lara como productor, y apostando por nuevas composiciones de la propia banda.<\/p>\n\n\n\n<p>Sr. Bizarro se presenta y arranca con su primer single \u201cSomos Coincidencia\u201d, y con sus tres m\u00fasicos en el proyecto:<\/p>\n\n\n\n<ul class=\"wp-block-list\">\n<li>Luis Tormo Larrosa: Voz principal, guitarras, piano y composici\u00f3n. Motor creativo del grupo<\/li>\n\n\n\n<li>Ram\u00f3n Hern\u00e1ndez Simarro: Bater\u00eda. Precisi\u00f3n y energ\u00eda en directo.<\/li>\n\n\n\n<li>Carlos Morales Llinares: Bajo el\u00e9ctrico. S\u00f3lida base arm\u00f3nica y groove.<\/li>\n<\/ul>\n\n\n\n<p>Sr. Bizarro fusiona elementos del indie, el pop y el rock alternativo con una producci\u00f3n moderna y contundente. El resultado es un sonido reconocible, pero libre, con melod\u00edas pegadizas y letras que apelan a la introspecci\u00f3n y la rebeli\u00f3n emocional. Influencias reconocibles: Vetusta Morla, Supersubmarina, Love of Lesbian, Izal, pero con un enfoque propio m\u00e1s visceral y directo.<\/p>\n\n\n\n<p>Nos vemos en los conciertos y festivales!!!<\/p>\n\n\n\n<p><img loading=\"lazy\" decoding=\"async\" width=\"14\" height=\"14\" class=\"wp-image-317\" style=\"width: 14px;\" src=\"https:\/\/www.srbizarro.es\/wp-content\/uploads\/2025\/06\/espanol.png\" alt=\"\" srcset=\"https:\/\/www.srbizarro.es\/wp-content\/uploads\/2025\/06\/espanol.png 158w, https:\/\/www.srbizarro.es\/wp-content\/uploads\/2025\/06\/espanol-150x150.png 150w\" sizes=\"(max-width: 14px) 100vw, 14px\" \/>  <a href=\"https:\/\/www.srbizarro.es\/wp-content\/uploads\/2025\/06\/Dossier-Sr-Bizarro-2025.pdf\" data-type=\"link\" data-id=\"https:\/\/www.srbizarro.es\/wp-content\/uploads\/2025\/06\/Dossier-Sr-Bizarro-2025.pdf\">Descarga nuestro dossier<\/a><\/p>\n\n\n\n<p><\/p>\n","protected":false},"excerpt":{"rendered":"<p>Sr. Bizarro nace a principios de 2024 con una declaraci\u00f3n de intenciones clara: crear buena m\u00fasica, disfrutar de los escenarios y conectar intensamente con el p\u00fablico. El grupo surge con la firme voluntad de renovar el panorama indie-pop-rock nacional, apostando por un sonido electrizante, directo y emocional. Su propuesta desaf\u00eda las etiquetas: sin ataduras ni [&hellip;]<\/p>\n","protected":false},"author":1,"featured_media":0,"parent":0,"menu_order":0,"comment_status":"closed","ping_status":"closed","template":"","meta":{"_monsterinsights_skip_tracking":false,"_monsterinsights_sitenote_active":false,"_monsterinsights_sitenote_note":"","_monsterinsights_sitenote_category":0,"_uf_show_specific_survey":0,"_uf_disable_surveys":false,"footnotes":""},"class_list":{"0":"post-44","1":"page","2":"type-page","3":"status-publish","5":"entry"},"_links":{"self":[{"href":"https:\/\/www.srbizarro.es\/index.php?rest_route=\/wp\/v2\/pages\/44"}],"collection":[{"href":"https:\/\/www.srbizarro.es\/index.php?rest_route=\/wp\/v2\/pages"}],"about":[{"href":"https:\/\/www.srbizarro.es\/index.php?rest_route=\/wp\/v2\/types\/page"}],"author":[{"embeddable":true,"href":"https:\/\/www.srbizarro.es\/index.php?rest_route=\/wp\/v2\/users\/1"}],"replies":[{"embeddable":true,"href":"https:\/\/www.srbizarro.es\/index.php?rest_route=%2Fwp%2Fv2%2Fcomments&post=44"}],"version-history":[{"count":8,"href":"https:\/\/www.srbizarro.es\/index.php?rest_route=\/wp\/v2\/pages\/44\/revisions"}],"predecessor-version":[{"id":318,"href":"https:\/\/www.srbizarro.es\/index.php?rest_route=\/wp\/v2\/pages\/44\/revisions\/318"}],"wp:attachment":[{"href":"https:\/\/www.srbizarro.es\/index.php?rest_route=%2Fwp%2Fv2%2Fmedia&parent=44"}],"curies":[{"name":"wp","href":"https:\/\/api.w.org\/{rel}","templated":true}]}}